{"id":2170,"date":"2025-10-16T04:11:19","date_gmt":"2025-10-16T02:11:19","guid":{"rendered":"https:\/\/superxfans.com\/es\/?post_type=product&#038;p=2170"},"modified":"2025-10-16T04:14:44","modified_gmt":"2025-10-16T02:14:44","slug":"mibivioficial","status":"publish","type":"product","link":"https:\/\/superxfans.com\/es\/onlyxfans\/mibivioficial\/","title":{"rendered":"Mibivioficial"},"content":{"rendered":"\t\t<div data-elementor-type=\"wp-post\" data-elementor-id=\"2170\" class=\"elementor elementor-2170\">\n\t\t\t\t<div class=\"elementor-element elementor-element-d255e99 e-flex e-con-boxed e-con e-parent\" data-id=\"d255e99\" data-element_type=\"container\">\n\t\t\t\t\t<div class=\"e-con-inner\">\n\t\t\t\t<div class=\"elementor-element elementor-element-e670b2d elementor-widget elementor-widget-heading\" data-id=\"e670b2d\" data-element_type=\"widget\" data-widget_type=\"heading.default\">\n\t\t\t\t\t<div class=\"elementor-heading-title elementor-size-default\">Tu pr\u00f3xima fantas\u00eda est\u00e1 a un clic<\/div>\t\t\t\t<\/div>\n\t\t\t\t<div class=\"elementor-element elementor-element-a9cc98b elementor-widget elementor-widget-text-editor\" data-id=\"a9cc98b\" data-element_type=\"widget\" data-widget_type=\"text-editor.default\">\n\t\t\t\t\t\t\t\t\t<p>\ud83d\udd25 Descubre alas modelo m\u00e1s bellas con su cuenta de <a href=\"https:\/\/superxfans.com\/es\/gratis\/\">onlyfans gratis<\/a><\/p>\t\t\t\t\t\t\t\t<\/div>\n\t\t\t\t<div class=\"elementor-element elementor-element-aa210df elementor-widget elementor-widget-shortcode\" data-id=\"aa210df\" data-element_type=\"widget\" data-widget_type=\"shortcode.default\">\n\t\t\t\t\t\t\t<div class=\"elementor-shortcode\"><\/div>\n\t\t\t\t\t\t<\/div>\n\t\t\t\t<div class=\"elementor-element elementor-element-61f943b elementor-widget-divider--view-line_text elementor-widget-divider--separator-type-pattern elementor-widget-divider--element-align-center elementor-widget elementor-widget-divider\" data-id=\"61f943b\" data-element_type=\"widget\" data-widget_type=\"divider.default\">\n\t\t\t\t\t\t\t<div class=\"elementor-divider\" style=\"--divider-pattern-url: url(&quot;data:image\/svg+xml,%3Csvg xmlns=&#039;http:\/\/www.w3.org\/2000\/svg&#039; preserveAspectRatio=&#039;none&#039; overflow=&#039;visible&#039; height=&#039;100%&#039; viewBox=&#039;0 0 24 24&#039; fill=&#039;none&#039; stroke=&#039;black&#039; stroke-width=&#039;1&#039; stroke-linecap=&#039;square&#039; stroke-miterlimit=&#039;10&#039;%3E%3Cpolyline points=&#039;0,6 6,6 6,18 18,18 18,6 24,6 \t&#039;\/%3E%3C\/svg%3E&quot;);\">\n\t\t\t<span class=\"elementor-divider-separator\">\n\t\t\t\t\t\t\t<span class=\"elementor-divider__text elementor-divider__element\">\n\t\t\t\tConoce m\u00e1s\t\t\t\t<\/span>\n\t\t\t\t\t\t<\/span>\n\t\t<\/div>\n\t\t\t\t\t\t<\/div>\n\t\t\t\t<div class=\"elementor-element elementor-element-9ec3ffe elementor-widget elementor-widget-heading\" data-id=\"9ec3ffe\" data-element_type=\"widget\" data-widget_type=\"heading.default\">\n\t\t\t\t\t<h2 class=\"elementor-heading-title elementor-size-default\">Mibivi como nunca antes\n<\/h2>\t\t\t\t<\/div>\n\t\t\t\t<div class=\"elementor-element elementor-element-b9d48db elementor-widget elementor-widget-text-editor\" data-id=\"b9d48db\" data-element_type=\"widget\" data-widget_type=\"text-editor.default\">\n\t\t\t\t\t\t\t\t\t<p>\ud83d\udd25 Si Mibivi ya te atrap\u00f3, imagina lo que sentir\u00e1s con otras diosas que saben c\u00f3mo jugar con tu imaginaci\u00f3n y tu deseo.\u00a0<\/p>\t\t\t\t\t\t\t\t<\/div>\n\t\t\t\t<div class=\"elementor-element elementor-element-d69c5cd elementor-align-center elementor-widget elementor-widget-button\" data-id=\"d69c5cd\" data-element_type=\"widget\" data-widget_type=\"button.default\">\n\t\t\t\t\t\t\t\t\t\t<a class=\"elementor-button elementor-button-link elementor-size-sm\" href=\"https:\/\/linktr.ee\/mibivioficial\" target=\"_blank\" rel=\"nofollow\">\n\t\t\t\t\t\t<span class=\"elementor-button-content-wrapper\">\n\t\t\t\t\t\t<span class=\"elementor-button-icon\">\n\t\t\t\t<svg aria-hidden=\"true\" class=\"e-font-icon-svg e-fas-link\" viewBox=\"0 0 512 512\" xmlns=\"http:\/\/www.w3.org\/2000\/svg\"><path d=\"M326.612 185.391c59.747 59.809 58.927 155.698.36 214.59-.11.12-.24.25-.36.37l-67.2 67.2c-59.27 59.27-155.699 59.262-214.96 0-59.27-59.26-59.27-155.7 0-214.96l37.106-37.106c9.84-9.84 26.786-3.3 27.294 10.606.648 17.722 3.826 35.527 9.69 52.721 1.986 5.822.567 12.262-3.783 16.612l-13.087 13.087c-28.026 28.026-28.905 73.66-1.155 101.96 28.024 28.579 74.086 28.749 102.325.51l67.2-67.19c28.191-28.191 28.073-73.757 0-101.83-3.701-3.694-7.429-6.564-10.341-8.569a16.037 16.037 0 0 1-6.947-12.606c-.396-10.567 3.348-21.456 11.698-29.806l21.054-21.055c5.521-5.521 14.182-6.199 20.584-1.731a152.482 152.482 0 0 1 20.522 17.197zM467.547 44.449c-59.261-59.262-155.69-59.27-214.96 0l-67.2 67.2c-.12.12-.25.25-.36.37-58.566 58.892-59.387 154.781.36 214.59a152.454 152.454 0 0 0 20.521 17.196c6.402 4.468 15.064 3.789 20.584-1.731l21.054-21.055c8.35-8.35 12.094-19.239 11.698-29.806a16.037 16.037 0 0 0-6.947-12.606c-2.912-2.005-6.64-4.875-10.341-8.569-28.073-28.073-28.191-73.639 0-101.83l67.2-67.19c28.239-28.239 74.3-28.069 102.325.51 27.75 28.3 26.872 73.934-1.155 101.96l-13.087 13.087c-4.35 4.35-5.769 10.79-3.783 16.612 5.864 17.194 9.042 34.999 9.69 52.721.509 13.906 17.454 20.446 27.294 10.606l37.106-37.106c59.271-59.259 59.271-155.699.001-214.959z\"><\/path><\/svg>\t\t\t<\/span>\n\t\t\t\t\t\t\t\t\t<span class=\"elementor-button-text\">linktr.ee\/<\/span>\n\t\t\t\t\t<\/span>\n\t\t\t\t\t<\/a>\n\t\t\t\t\t\t\t\t<\/div>\n\t\t\t\t<div class=\"elementor-element elementor-element-a54d71f elementor-widget elementor-widget-heading\" data-id=\"a54d71f\" data-element_type=\"widget\" data-widget_type=\"heading.default\">\n\t\t\t\t\t<h2 class=\"elementor-heading-title elementor-size-default\">El arte de provocar con cada movimiento<\/h2>\t\t\t\t<\/div>\n\t\t\t\t<div class=\"elementor-element elementor-element-c00ff81 elementor-widget elementor-widget-text-editor\" data-id=\"c00ff81\" data-element_type=\"widget\" data-widget_type=\"text-editor.default\">\n\t\t\t\t\t\t\t\t\t<p>Ingresa al mundo de las <a href=\"https:\/\/superxfans.com\/es\/espana\/\">top onlyfans espa\u00f1a<\/a> ahora y vive la experiencia de las modelos ede ver su cuerpo en movimiento solo para ti.<\/p>\t\t\t\t\t\t\t\t<\/div>\n\t\t\t\t<div class=\"elementor-element elementor-element-0a9a1d3 elementor-widget elementor-widget-heading\" data-id=\"0a9a1d3\" data-element_type=\"widget\" data-widget_type=\"heading.default\">\n\t\t\t\t\t<div class=\"elementor-heading-title elementor-size-default\">Explora a las modelos m\u00e1s ardientes de OnlyFans\n<\/div>\t\t\t\t<\/div>\n\t\t\t\t<div class=\"elementor-element elementor-element-b879310 elementor-widget elementor-widget-shortcode\" data-id=\"b879310\" data-element_type=\"widget\" data-widget_type=\"shortcode.default\">\n\t\t\t\t\t\t\t<div class=\"elementor-shortcode\"><\/div>\n\t\t\t\t\t\t<\/div>\n\t\t\t\t<div class=\"elementor-element elementor-element-b455407 elementor-widget-divider--view-line_text elementor-widget-divider--separator-type-pattern elementor-widget-divider--element-align-center elementor-widget elementor-widget-divider\" data-id=\"b455407\" data-element_type=\"widget\" data-widget_type=\"divider.default\">\n\t\t\t\t\t\t\t<div class=\"elementor-divider\" style=\"--divider-pattern-url: url(&quot;data:image\/svg+xml,%3Csvg xmlns=&#039;http:\/\/www.w3.org\/2000\/svg&#039; preserveAspectRatio=&#039;none&#039; overflow=&#039;visible&#039; height=&#039;100%&#039; viewBox=&#039;0 0 24 24&#039; fill=&#039;black&#039; stroke=&#039;none&#039;%3E%3Cpolygon points=&#039;9.4,2 24,2 14.6,21.6 0,21.6&#039;\/%3E%3C\/svg%3E&quot;);\">\n\t\t\t<span class=\"elementor-divider-separator\">\n\t\t\t\t\t\t\t<span class=\"elementor-divider__text elementor-divider__element\">\n\t\t\t\tSuper X Fans\t\t\t\t<\/span>\n\t\t\t\t\t\t<\/span>\n\t\t<\/div>\n\t\t\t\t\t\t<\/div>\n\t\t\t\t<div class=\"elementor-element elementor-element-63c6323 elementor-widget elementor-widget-heading\" data-id=\"63c6323\" data-element_type=\"widget\" data-widget_type=\"heading.default\">\n\t\t\t\t\t<h2 class=\"elementor-heading-title elementor-size-default\">Belleza natural y sin filtros<\/h2>\t\t\t\t<\/div>\n\t\t\t\t<div class=\"elementor-element elementor-element-aad12fd elementor-widget elementor-widget-text-editor\" data-id=\"aad12fd\" data-element_type=\"widget\" data-widget_type=\"text-editor.default\">\n\t\t\t\t\t\t\t\t\t<p>En un mundo lleno de retoques digitales, Mibivi \u00a0\ud83d\udc8b\u00a0 brilla con algo que pocos tienen: autenticidad. Mibivi presume con orgullo su cuerpo 100% natural, su piel sin artificios y una actitud segura que conquista de inmediato.\u00a0<\/p>\t\t\t\t\t\t\t\t<\/div>\n\t\t\t\t<div class=\"elementor-element elementor-element-b8925de elementor-widget elementor-widget-text-editor\" data-id=\"b8925de\" data-element_type=\"widget\" data-widget_type=\"text-editor.default\">\n\t\t\t\t\t\t\t\t\t<p>Eres amante del Tik Tok \ud83e\udd24 conoce la lista de las <a href=\"https:\/\/superxfans.com\/es\/tiktokers-espanolas-onlyfans\/\"><strong>Tiktokers espa\u00f1olas con onlyfans <\/strong><\/a>En cada perfil tendr\u00e1s acceso a fotos privadas, <strong>sesiones \u00edntimas y escenas tan expl\u00edcitas<\/strong> que jam\u00e1s podr\u00edan publicarse en redes sociales abiertas.<\/p>\t\t\t\t\t\t\t\t<\/div>\n\t\t\t\t<div class=\"elementor-element elementor-element-5a8cf22 elementor-widget elementor-widget-text-editor\" data-id=\"5a8cf22\" data-element_type=\"widget\" data-widget_type=\"text-editor.default\">\n\t\t\t\t\t\t\t\t\t<p>Nuestro sitio superxfans.com es un directorio, dise\u00f1ada para conectar a los usuarios con creadoras de contenido en OnlyFans o Fansly.<\/p><p>Queremos dejar en claro que <strong>no estamos afiliados de ninguna manera con OnlyFans<\/strong> ni con ninguna otra plataforma mencionada.<\/p><p>Respetamos rigurosamente todas las normativas vigentes sobre derechos de autor y cumplimos con las disposiciones de la DMCA. Nuestro compromiso es proteger los derechos de propiedad intelectual y asegurarnos de que todo el contenido publicado en el sitio cumpla con los est\u00e1ndares legales establecidos.<\/p>\t\t\t\t\t\t\t\t<\/div>\n\t\t\t\t\t<\/div>\n\t\t\t\t<\/div>\n\t\t\t\t<\/div>\n\t\t","protected":false},"excerpt":{"rendered":"<p>OnlyFans Mibivi oficial es frescura, naturalidad y exclusividad que te dejar\u00e1 sin aliento \ud83e\udd2d Con un perfil que rebosa sensualidad y encanto.<\/p>\n[adinserter block=\"1\"]\n<p>Te aseguramos Mibivioficial \u2764\ufe0f seguramente te sorprender\u00e1 con su contenido variado y emocionante.<\/p>\n","protected":false},"featured_media":2172,"template":"","meta":[],"product_brand":[],"product_cat":[15],"product_tag":[],"class_list":{"0":"post-2170","1":"product","2":"type-product","3":"status-publish","4":"has-post-thumbnail","6":"product_cat-onlyxfans","8":"first","9":"instock","10":"shipping-taxable","11":"product-type-external"},"yoast_head":"<!-- This site is optimized with the Yoast SEO plugin v26.6 - https:\/\/yoast.com\/wordpress\/plugins\/seo\/ -->\n<title>Mibivioficial OnlyFans de Espa\u00f1a | Contenido VIP<\/title>\n<meta name=\"description\" content=\"Mibivioficial comparte contenido que no encontrar\u00e1s en ning\u00fan otro lugar, lo que hace que cada suscripci\u00f3n valga la pena. \u00a1Conocela!\" \/>\n<meta name=\"robots\" content=\"index, follow, max-snippet:-1, max-image-preview:large, max-video-preview:-1\" \/>\n<link rel=\"canonical\" href=\"https:\/\/superxfans.com\/es\/onlyxfans\/mibivioficial\/\" \/>\n<script type=\"application\/ld+json\" class=\"yoast-schema-graph\">{\"@context\":\"https:\/\/schema.org\",\"@graph\":[{\"@type\":\"WebPage\",\"@id\":\"https:\/\/superxfans.com\/es\/onlyxfans\/mibivioficial\/\",\"url\":\"https:\/\/superxfans.com\/es\/onlyxfans\/mibivioficial\/\",\"name\":\"Mibivioficial OnlyFans de Espa\u00f1a | Contenido VIP\",\"isPartOf\":{\"@id\":\"https:\/\/superxfans.com\/es\/#website\"},\"primaryImageOfPage\":{\"@id\":\"https:\/\/superxfans.com\/es\/onlyxfans\/mibivioficial\/#primaryimage\"},\"image\":{\"@id\":\"https:\/\/superxfans.com\/es\/onlyxfans\/mibivioficial\/#primaryimage\"},\"thumbnailUrl\":\"https:\/\/ugc.production.linktr.ee\/1225a07d-ec8f-4400-8aa3-afd5c72718aa_IMG-20240829-134559-219.webp\",\"datePublished\":\"2025-10-16T02:11:19+00:00\",\"dateModified\":\"2025-10-16T02:14:44+00:00\",\"description\":\"Mibivioficial comparte contenido que no encontrar\u00e1s en ning\u00fan otro lugar, lo que hace que cada suscripci\u00f3n valga la pena. \u00a1Conocela!\",\"breadcrumb\":{\"@id\":\"https:\/\/superxfans.com\/es\/onlyxfans\/mibivioficial\/#breadcrumb\"},\"inLanguage\":\"es\",\"potentialAction\":[{\"@type\":\"ReadAction\",\"target\":[\"https:\/\/superxfans.com\/es\/onlyxfans\/mibivioficial\/\"]}]},{\"@type\":\"ImageObject\",\"inLanguage\":\"es\",\"@id\":\"https:\/\/superxfans.com\/es\/onlyxfans\/mibivioficial\/#primaryimage\",\"url\":\"https:\/\/ugc.production.linktr.ee\/1225a07d-ec8f-4400-8aa3-afd5c72718aa_IMG-20240829-134559-219.webp\",\"contentUrl\":\"https:\/\/ugc.production.linktr.ee\/1225a07d-ec8f-4400-8aa3-afd5c72718aa_IMG-20240829-134559-219.webp\",\"width\":\"2000\",\"height\":\"2000\"},{\"@type\":\"BreadcrumbList\",\"@id\":\"https:\/\/superxfans.com\/es\/onlyxfans\/mibivioficial\/#breadcrumb\",\"itemListElement\":[{\"@type\":\"ListItem\",\"position\":1,\"name\":\"Portada\",\"item\":\"https:\/\/superxfans.com\/es\/\"},{\"@type\":\"ListItem\",\"position\":2,\"name\":\"Tienda\",\"item\":\"https:\/\/superxfans.com\/es\/tienda\/\"},{\"@type\":\"ListItem\",\"position\":3,\"name\":\"Mibivioficial\"}]},{\"@type\":\"WebSite\",\"@id\":\"https:\/\/superxfans.com\/es\/#website\",\"url\":\"https:\/\/superxfans.com\/es\/\",\"name\":\"Espa\u00f1olas Onlyfans\",\"description\":\"Te traemos una lista exclusiva de las chicas espa\u00f1olas m\u00e1s calientes en OnlyFans\",\"potentialAction\":[{\"@type\":\"SearchAction\",\"target\":{\"@type\":\"EntryPoint\",\"urlTemplate\":\"https:\/\/superxfans.com\/es\/?s={search_term_string}\"},\"query-input\":{\"@type\":\"PropertyValueSpecification\",\"valueRequired\":true,\"valueName\":\"search_term_string\"}}],\"inLanguage\":\"es\"}]}<\/script>\n<!-- \/ Yoast SEO plugin. -->","yoast_head_json":{"title":"Mibivioficial OnlyFans de Espa\u00f1a | Contenido VIP","description":"Mibivioficial comparte contenido que no encontrar\u00e1s en ning\u00fan otro lugar, lo que hace que cada suscripci\u00f3n valga la pena. \u00a1Conocela!","robots":{"index":"index","follow":"follow","max-snippet":"max-snippet:-1","max-image-preview":"max-image-preview:large","max-video-preview":"max-video-preview:-1"},"canonical":"https:\/\/superxfans.com\/es\/onlyxfans\/mibivioficial\/","schema":{"@context":"https:\/\/schema.org","@graph":[{"@type":"WebPage","@id":"https:\/\/superxfans.com\/es\/onlyxfans\/mibivioficial\/","url":"https:\/\/superxfans.com\/es\/onlyxfans\/mibivioficial\/","name":"Mibivioficial OnlyFans de Espa\u00f1a | Contenido VIP","isPartOf":{"@id":"https:\/\/superxfans.com\/es\/#website"},"primaryImageOfPage":{"@id":"https:\/\/superxfans.com\/es\/onlyxfans\/mibivioficial\/#primaryimage"},"image":{"@id":"https:\/\/superxfans.com\/es\/onlyxfans\/mibivioficial\/#primaryimage"},"thumbnailUrl":"https:\/\/ugc.production.linktr.ee\/1225a07d-ec8f-4400-8aa3-afd5c72718aa_IMG-20240829-134559-219.webp","datePublished":"2025-10-16T02:11:19+00:00","dateModified":"2025-10-16T02:14:44+00:00","description":"Mibivioficial comparte contenido que no encontrar\u00e1s en ning\u00fan otro lugar, lo que hace que cada suscripci\u00f3n valga la pena. \u00a1Conocela!","breadcrumb":{"@id":"https:\/\/superxfans.com\/es\/onlyxfans\/mibivioficial\/#breadcrumb"},"inLanguage":"es","potentialAction":[{"@type":"ReadAction","target":["https:\/\/superxfans.com\/es\/onlyxfans\/mibivioficial\/"]}]},{"@type":"ImageObject","inLanguage":"es","@id":"https:\/\/superxfans.com\/es\/onlyxfans\/mibivioficial\/#primaryimage","url":"https:\/\/ugc.production.linktr.ee\/1225a07d-ec8f-4400-8aa3-afd5c72718aa_IMG-20240829-134559-219.webp","contentUrl":"https:\/\/ugc.production.linktr.ee\/1225a07d-ec8f-4400-8aa3-afd5c72718aa_IMG-20240829-134559-219.webp","width":"2000","height":"2000"},{"@type":"BreadcrumbList","@id":"https:\/\/superxfans.com\/es\/onlyxfans\/mibivioficial\/#breadcrumb","itemListElement":[{"@type":"ListItem","position":1,"name":"Portada","item":"https:\/\/superxfans.com\/es\/"},{"@type":"ListItem","position":2,"name":"Tienda","item":"https:\/\/superxfans.com\/es\/tienda\/"},{"@type":"ListItem","position":3,"name":"Mibivioficial"}]},{"@type":"WebSite","@id":"https:\/\/superxfans.com\/es\/#website","url":"https:\/\/superxfans.com\/es\/","name":"Espa\u00f1olas Onlyfans","description":"Te traemos una lista exclusiva de las chicas espa\u00f1olas m\u00e1s calientes en OnlyFans","potentialAction":[{"@type":"SearchAction","target":{"@type":"EntryPoint","urlTemplate":"https:\/\/superxfans.com\/es\/?s={search_term_string}"},"query-input":{"@type":"PropertyValueSpecification","valueRequired":true,"valueName":"search_term_string"}}],"inLanguage":"es"}]}},"_links":{"self":[{"href":"https:\/\/superxfans.com\/es\/wp-json\/wp\/v2\/product\/2170","targetHints":{"allow":["GET"]}}],"collection":[{"href":"https:\/\/superxfans.com\/es\/wp-json\/wp\/v2\/product"}],"about":[{"href":"https:\/\/superxfans.com\/es\/wp-json\/wp\/v2\/types\/product"}],"version-history":[{"count":9,"href":"https:\/\/superxfans.com\/es\/wp-json\/wp\/v2\/product\/2170\/revisions"}],"predecessor-version":[{"id":2180,"href":"https:\/\/superxfans.com\/es\/wp-json\/wp\/v2\/product\/2170\/revisions\/2180"}],"wp:featuredmedia":[{"embeddable":true,"href":"https:\/\/superxfans.com\/es\/wp-json\/wp\/v2\/media\/2172"}],"wp:attachment":[{"href":"https:\/\/superxfans.com\/es\/wp-json\/wp\/v2\/media?parent=2170"}],"wp:term":[{"taxonomy":"product_brand","embeddable":true,"href":"https:\/\/superxfans.com\/es\/wp-json\/wp\/v2\/product_brand?post=2170"},{"taxonomy":"product_cat","embeddable":true,"href":"https:\/\/superxfans.com\/es\/wp-json\/wp\/v2\/product_cat?post=2170"},{"taxonomy":"product_tag","embeddable":true,"href":"https:\/\/superxfans.com\/es\/wp-json\/wp\/v2\/product_tag?post=2170"}],"curies":[{"name":"wp","href":"https:\/\/api.w.org\/{rel}","templated":true}]}}